{"id":13,"date":"2024-11-11T20:20:55","date_gmt":"2024-11-11T19:20:55","guid":{"rendered":"https:\/\/www.rmb82.club\/?page_id=13"},"modified":"2024-11-13T13:44:39","modified_gmt":"2024-11-13T12:44:39","slug":"lhistoire-du-club","status":"publish","type":"page","link":"https:\/\/www.rmb82.club\/index.php\/lhistoire-du-club\/","title":{"rendered":"L&#8217;histoire du Club"},"content":{"rendered":"\n<p>Fond\u00e9 en 1997 par une \u00e9quipe de passionn\u00e9s, le Radio Mod\u00e9lisme Bastidien s&#8217;est \u00e9tabli dans la commune de Labastide Saint-Pierre. Depuis plus de 25 ans, la ville soutient le d\u00e9veloppement de notre club de voitures radiocommand\u00e9es. <\/p>\n\n\n\n<p>Aujourd&#8217;hui, le club dispose d&#8217;un vaste site offrant deux pistes : une piste 1\/10 \u00e9lectrique enti\u00e8rement synth\u00e9tique, qui accueille chaque ann\u00e9e une course r\u00e9gionale f\u00e9d\u00e9rale (FFVRC), et une piste 1\/8 thermique et \u00e9lectrique en multi-surface (terre, pav\u00e9s, bois), o\u00f9 se d\u00e9roulent une course r\u00e9gionale ainsi que divers \u00e9v\u00e9nements hors f\u00e9d\u00e9ration.<\/p>\n\n\n\n<p>Le RMB82 est une association r\u00e9gie par la loi de 1901, affili\u00e9e \u00e0 la F\u00e9d\u00e9ration Fran\u00e7aise de Voitures Radiocommand\u00e9es sous l&#8217;\u00e9gide du Minist\u00e8re des Sports. Le club accueille des passionn\u00e9s de tous \u00e2ges, qu&#8217;ils soient comp\u00e9titeurs ou amateurs pratiquant en loisir.<\/p>\n\n\n\n<figure class=\"wp-block-gallery has-nested-images columns-default is-cropped wp-block-gallery-1 is-layout-flex wp-block-gallery-is-layout-flex\">\n<figure class=\"wp-block-image size-large\"><img loading=\"lazy\" decoding=\"async\" width=\"960\" height=\"540\" data-id=\"111\" src=\"https:\/\/www.rmb82.club\/wp-content\/uploads\/2024\/11\/339431320_935992844415130_6881857005174545967_n.jpg\" alt=\"\" class=\"wp-image-111\" srcset=\"https:\/\/www.rmb82.club\/wp-content\/uploads\/2024\/11\/339431320_935992844415130_6881857005174545967_n.jpg 960w, https:\/\/www.rmb82.club\/wp-content\/uploads\/2024\/11\/339431320_935992844415130_6881857005174545967_n-300x169.jpg 300w, https:\/\/www.rmb82.club\/wp-content\/uploads\/2024\/11\/339431320_935992844415130_6881857005174545967_n-768x432.jpg 768w\" sizes=\"auto, (max-width: 960px) 100vw, 960px\" \/><\/figure>\n\n\n\n<figure class=\"wp-block-image size-large\"><img loading=\"lazy\" decoding=\"async\" width=\"1024\" height=\"576\" data-id=\"112\" src=\"https:\/\/www.rmb82.club\/wp-content\/uploads\/2024\/11\/339982983_111352081909134_4420071859525638401_n-1-1024x576.jpg\" alt=\"\" class=\"wp-image-112\" srcset=\"https:\/\/www.rmb82.club\/wp-content\/uploads\/2024\/11\/339982983_111352081909134_4420071859525638401_n-1-1024x576.jpg 1024w, https:\/\/www.rmb82.club\/wp-content\/uploads\/2024\/11\/339982983_111352081909134_4420071859525638401_n-1-300x169.jpg 300w, https:\/\/www.rmb82.club\/wp-content\/uploads\/2024\/11\/339982983_111352081909134_4420071859525638401_n-1-768x432.jpg 768w, https:\/\/www.rmb82.club\/wp-content\/uploads\/2024\/11\/339982983_111352081909134_4420071859525638401_n-1-1536x864.jpg 1536w, https:\/\/www.rmb82.club\/wp-content\/uploads\/2024\/11\/339982983_111352081909134_4420071859525638401_n-1-1920x1080.jpg 1920w, https:\/\/www.rmb82.club\/wp-content\/uploads\/2024\/11\/339982983_111352081909134_4420071859525638401_n-1.jpg 2048w\" sizes=\"auto, (max-width: 1024px) 100vw, 1024px\" \/><\/figure>\n\n\n\n<figure class=\"wp-block-image size-large\"><img loading=\"lazy\" decoding=\"async\" width=\"1024\" height=\"576\" data-id=\"113\" src=\"https:\/\/www.rmb82.club\/wp-content\/uploads\/2024\/11\/340018580_244023404670879_8592520808000674779_n-1024x576.jpg\" alt=\"\" class=\"wp-image-113\" srcset=\"https:\/\/www.rmb82.club\/wp-content\/uploads\/2024\/11\/340018580_244023404670879_8592520808000674779_n-1024x576.jpg 1024w, https:\/\/www.rmb82.club\/wp-content\/uploads\/2024\/11\/340018580_244023404670879_8592520808000674779_n-300x169.jpg 300w, https:\/\/www.rmb82.club\/wp-content\/uploads\/2024\/11\/340018580_244023404670879_8592520808000674779_n-768x432.jpg 768w, https:\/\/www.rmb82.club\/wp-content\/uploads\/2024\/11\/340018580_244023404670879_8592520808000674779_n-1536x864.jpg 1536w, https:\/\/www.rmb82.club\/wp-content\/uploads\/2024\/11\/340018580_244023404670879_8592520808000674779_n-1920x1080.jpg 1920w, https:\/\/www.rmb82.club\/wp-content\/uploads\/2024\/11\/340018580_244023404670879_8592520808000674779_n.jpg 2048w\" sizes=\"auto, (max-width: 1024px) 100vw, 1024px\" \/><\/figure>\n\n\n\n<figure class=\"wp-block-image size-large\"><img loading=\"lazy\" decoding=\"async\" width=\"990\" height=\"676\" data-id=\"114\" src=\"https:\/\/www.rmb82.club\/wp-content\/uploads\/2024\/11\/dsc_6985-1.jpg\" alt=\"\" class=\"wp-image-114\" srcset=\"https:\/\/www.rmb82.club\/wp-content\/uploads\/2024\/11\/dsc_6985-1.jpg 990w, https:\/\/www.rmb82.club\/wp-content\/uploads\/2024\/11\/dsc_6985-1-300x205.jpg 300w, https:\/\/www.rmb82.club\/wp-content\/uploads\/2024\/11\/dsc_6985-1-768x524.jpg 768w\" sizes=\"auto, (max-width: 990px) 100vw, 990px\" \/><\/figure>\n\n\n\n<figure class=\"wp-block-image size-large\"><img loading=\"lazy\" decoding=\"async\" width=\"990\" height=\"676\" data-id=\"115\" src=\"https:\/\/www.rmb82.club\/wp-content\/uploads\/2024\/11\/dsc_6988.jpg\" alt=\"\" class=\"wp-image-115\" srcset=\"https:\/\/www.rmb82.club\/wp-content\/uploads\/2024\/11\/dsc_6988.jpg 990w, https:\/\/www.rmb82.club\/wp-content\/uploads\/2024\/11\/dsc_6988-300x205.jpg 300w, https:\/\/www.rmb82.club\/wp-content\/uploads\/2024\/11\/dsc_6988-768x524.jpg 768w\" sizes=\"auto, (max-width: 990px) 100vw, 990px\" \/><\/figure>\n\n\n\n<figure class=\"wp-block-image size-large\"><img loading=\"lazy\" decoding=\"async\" width=\"990\" height=\"676\" data-id=\"116\" src=\"https:\/\/www.rmb82.club\/wp-content\/uploads\/2024\/11\/dsc_6994.jpg\" alt=\"\" class=\"wp-image-116\" srcset=\"https:\/\/www.rmb82.club\/wp-content\/uploads\/2024\/11\/dsc_6994.jpg 990w, https:\/\/www.rmb82.club\/wp-content\/uploads\/2024\/11\/dsc_6994-300x205.jpg 300w, https:\/\/www.rmb82.club\/wp-content\/uploads\/2024\/11\/dsc_6994-768x524.jpg 768w\" sizes=\"auto, (max-width: 990px) 100vw, 990px\" \/><\/figure>\n\n\n\n<figure class=\"wp-block-image size-large\"><img loading=\"lazy\" decoding=\"async\" width=\"990\" height=\"676\" data-id=\"117\" src=\"https:\/\/www.rmb82.club\/wp-content\/uploads\/2024\/11\/dsc_7002.jpg\" alt=\"\" class=\"wp-image-117\" srcset=\"https:\/\/www.rmb82.club\/wp-content\/uploads\/2024\/11\/dsc_7002.jpg 990w, https:\/\/www.rmb82.club\/wp-content\/uploads\/2024\/11\/dsc_7002-300x205.jpg 300w, https:\/\/www.rmb82.club\/wp-content\/uploads\/2024\/11\/dsc_7002-768x524.jpg 768w\" sizes=\"auto, (max-width: 990px) 100vw, 990px\" \/><\/figure>\n\n\n\n<figure class=\"wp-block-image size-large\"><img loading=\"lazy\" decoding=\"async\" width=\"280\" height=\"226\" data-id=\"118\" src=\"https:\/\/www.rmb82.club\/wp-content\/uploads\/2024\/11\/Image5.jpg\" alt=\"\" class=\"wp-image-118\"\/><\/figure>\n\n\n\n<figure class=\"wp-block-image size-large\"><img loading=\"lazy\" decoding=\"async\" width=\"1024\" height=\"576\" data-id=\"108\" src=\"https:\/\/www.rmb82.club\/wp-content\/uploads\/2025\/06\/FB_IMG_1689422977381-1024x576.jpg\" alt=\"\" class=\"wp-image-108\" srcset=\"https:\/\/www.rmb82.club\/wp-content\/uploads\/2025\/06\/FB_IMG_1689422977381-1024x576.jpg 1024w, https:\/\/www.rmb82.club\/wp-content\/uploads\/2025\/06\/FB_IMG_1689422977381-300x169.jpg 300w, https:\/\/www.rmb82.club\/wp-content\/uploads\/2025\/06\/FB_IMG_1689422977381-768x432.jpg 768w, https:\/\/www.rmb82.club\/wp-content\/uploads\/2025\/06\/FB_IMG_1689422977381.jpg 1080w\" sizes=\"auto, (max-width: 1024px) 100vw, 1024px\" \/><\/figure>\n<\/figure>\n","protected":false},"excerpt":{"rendered":"<p>Fond\u00e9 en 1997 par une \u00e9quipe de passionn\u00e9s, le Radio Mod\u00e9lisme Bastidien s&#8217;est \u00e9tabli dans la commune de Labastide Saint-Pierre. Depuis plus de 25 ans, la ville soutient le d\u00e9veloppement de notre club de voitures radiocommand\u00e9es. Aujourd&#8217;hui, le club dispose d&#8217;un vaste site offrant deux pistes : une piste 1\/10 \u00e9lectrique enti\u00e8rement synth\u00e9tique, qui accueille&hellip; <br \/> <a class=\"read-more\" href=\"https:\/\/www.rmb82.club\/index.php\/lhistoire-du-club\/\">Read more<\/a><\/p>\n","protected":false},"author":1,"featured_media":0,"parent":0,"menu_order":0,"comment_status":"closed","ping_status":"closed","template":"page-templates\/homepage.php","meta":{"footnotes":""},"class_list":["post-13","page","type-page","status-publish","hentry"],"_links":{"self":[{"href":"https:\/\/www.rmb82.club\/index.php\/wp-json\/wp\/v2\/pages\/13","targetHints":{"allow":["GET"]}}],"collection":[{"href":"https:\/\/www.rmb82.club\/index.php\/wp-json\/wp\/v2\/pages"}],"about":[{"href":"https:\/\/www.rmb82.club\/index.php\/wp-json\/wp\/v2\/types\/page"}],"author":[{"embeddable":true,"href":"https:\/\/www.rmb82.club\/index.php\/wp-json\/wp\/v2\/users\/1"}],"replies":[{"embeddable":true,"href":"https:\/\/www.rmb82.club\/index.php\/wp-json\/wp\/v2\/comments?post=13"}],"version-history":[{"count":5,"href":"https:\/\/www.rmb82.club\/index.php\/wp-json\/wp\/v2\/pages\/13\/revisions"}],"predecessor-version":[{"id":119,"href":"https:\/\/www.rmb82.club\/index.php\/wp-json\/wp\/v2\/pages\/13\/revisions\/119"}],"wp:attachment":[{"href":"https:\/\/www.rmb82.club\/index.php\/wp-json\/wp\/v2\/media?parent=13"}],"curies":[{"name":"wp","href":"https:\/\/api.w.org\/{rel}","templated":true}]}}