{"id":44,"date":"2024-11-11T20:52:47","date_gmt":"2024-11-11T19:52:47","guid":{"rendered":"https:\/\/www.rmb82.club\/?page_id=44"},"modified":"2025-01-01T10:10:50","modified_gmt":"2025-01-01T09:10:50","slug":"adhesion","status":"publish","type":"page","link":"https:\/\/www.rmb82.club\/index.php\/adhesion\/","title":{"rendered":"Adh\u00e9sion"},"content":{"rendered":"\n<h1 class=\"wp-block-heading\">Les tarifs d&#8217;adh\u00e9sion et licence f\u00e9d\u00e9rale<\/h1>\n\n\n\n<p><strong>Les adh\u00e9sions 2025 sont ouvertes, contactez nous par mail \u00e0 rmb82@laposte.net<\/strong> <\/p>\n\n\n\n<p><strong>Adh\u00e9sion annuelle 2025 participative<\/strong> : <strong>80\u20ac<\/strong><\/p>\n\n\n\n<p><em>\u00ab&nbsp;Je m\u2019engage \u00e0 participer \u00e0 minimum 4 sessions travaux et \u00e0 \u00eatre b\u00e9n\u00e9vole lors des \u00e9v\u00e8nements organis\u00e9s par le club\u00bb<\/em><\/p>\n\n\n\n<p><strong>Adh\u00e9sion annuelle 2025 non-participative<\/strong> : <strong>200\u20ac<\/strong><\/p>\n\n\n\n<p><em>\u00ab&nbsp;Je ne participerai pas aux sessions travaux, mais je filerai un coup de mains lors des \u00e9v\u00e8nements organis\u00e9s par le club&nbsp;\u00bb<\/em><\/p>\n\n\n\n<p><strong>Adh\u00e9sion accompagnateur&nbsp; (<em>Avec licence accompagnateur<\/em>) :  10\u20ac<\/strong><\/p>\n\n\n\n<p><strong>Adh\u00e9sion tarif r\u00e9duit 2025<\/strong><\/p>\n\n\n\n<p>Jeune de moins de 16 ans (= n\u00e9 depuis l&#8217;an 2010) : 30\u20ac<\/p>\n\n\n\n<p>Famille (\u00e0 partir de la seconde carte \u00ab&nbsp;Participative&nbsp;\u00bb) : 60\u20ac<\/p>\n\n\n\n<figure class=\"wp-block-table\"><table class=\"has-fixed-layout\"><tbody><tr><td><strong><em>Type de licence FFVRC<\/em><\/strong><\/td><td><strong><em>Tarif FFVRC<\/em><\/strong><\/td><\/tr><tr><td>Organisateur<\/td><td>20 \u20ac<\/td><\/tr><tr><td>Accompagnateur<\/td><td>17 \u20ac<\/td><\/tr><tr><td>Loisir<\/td><td>24 \u20ac<\/td><\/tr><tr><td>Nationale jeune (moins de 16 ans)<\/td><td>27 \u20ac<\/td><\/tr><tr><td>Ligue adulte<\/td><td>41 \u20ac<\/td><\/tr><tr><td>Nationale adulte<\/td><td>58 \u20ac<\/td><\/tr><tr><td>Option assurance mutuelle f\u00e9d\u00e9rale<\/td><td>12 \u20ac<\/td><\/tr><tr><td>Option licence plastifi\u00e9e<\/td><td>3 \u20ac<\/td><\/tr><\/tbody><\/table><\/figure>\n\n\n\n<p><\/p>\n","protected":false},"excerpt":{"rendered":"<p>Les tarifs d&#8217;adh\u00e9sion et licence f\u00e9d\u00e9rale Les adh\u00e9sions 2025 sont ouvertes, contactez nous par mail \u00e0 rmb82@laposte.net Adh\u00e9sion annuelle 2025 participative : 80\u20ac \u00ab&nbsp;Je m\u2019engage \u00e0 participer \u00e0 minimum 4 sessions travaux et \u00e0 \u00eatre b\u00e9n\u00e9vole lors des \u00e9v\u00e8nements organis\u00e9s par le club\u00bb Adh\u00e9sion annuelle 2025 non-participative : 200\u20ac \u00ab&nbsp;Je ne participerai pas aux sessions&hellip; <br \/> <a class=\"read-more\" href=\"https:\/\/www.rmb82.club\/index.php\/adhesion\/\">Read more<\/a><\/p>\n","protected":false},"author":1,"featured_media":0,"parent":0,"menu_order":0,"comment_status":"closed","ping_status":"closed","template":"page-templates\/homepage.php","meta":{"footnotes":""},"class_list":["post-44","page","type-page","status-publish","hentry"],"_links":{"self":[{"href":"https:\/\/www.rmb82.club\/index.php\/wp-json\/wp\/v2\/pages\/44","targetHints":{"allow":["GET"]}}],"collection":[{"href":"https:\/\/www.rmb82.club\/index.php\/wp-json\/wp\/v2\/pages"}],"about":[{"href":"https:\/\/www.rmb82.club\/index.php\/wp-json\/wp\/v2\/types\/page"}],"author":[{"embeddable":true,"href":"https:\/\/www.rmb82.club\/index.php\/wp-json\/wp\/v2\/users\/1"}],"replies":[{"embeddable":true,"href":"https:\/\/www.rmb82.club\/index.php\/wp-json\/wp\/v2\/comments?post=44"}],"version-history":[{"count":6,"href":"https:\/\/www.rmb82.club\/index.php\/wp-json\/wp\/v2\/pages\/44\/revisions"}],"predecessor-version":[{"id":189,"href":"https:\/\/www.rmb82.club\/index.php\/wp-json\/wp\/v2\/pages\/44\/revisions\/189"}],"wp:attachment":[{"href":"https:\/\/www.rmb82.club\/index.php\/wp-json\/wp\/v2\/media?parent=44"}],"curies":[{"name":"wp","href":"https:\/\/api.w.org\/{rel}","templated":true}]}}