{"id":66,"date":"2024-11-11T21:09:13","date_gmt":"2024-11-11T20:09:13","guid":{"rendered":"https:\/\/www.rmb82.club\/?page_id=66"},"modified":"2024-11-12T19:58:23","modified_gmt":"2024-11-12T18:58:23","slug":"reglement-interieur","status":"publish","type":"page","link":"https:\/\/www.rmb82.club\/index.php\/reglement-interieur\/","title":{"rendered":"R\u00e8glement Int\u00e9rieur"},"content":{"rendered":"<p><strong><em>S\u00c9CURIT\u00c9, RESPECT, PLAISIR, BENEVOLAT<\/em><\/strong><\/p>\n<p>ART 1 : L&#8217;acc\u00e8s au circuit est exclusivement r\u00e9serv\u00e9 aux adh\u00e9rents.<\/p>\n<p>ART 2\u00a0: Toute personne voulant utiliser le terrain du club RMB82 doit \u00eatre membre du-dit club et poss\u00e9der une licence FFVRC en cours de validit\u00e9. Hormis dans le cadre d&#8217;un meeting ou d&#8217;une rencontre amicale organis\u00e9e par le club o\u00f9 seule la licence FFVRC sera exig\u00e9.<\/p>\n<p>ART 3 : Les voitures devront stationner sur le parking ext\u00e9rieur aux circuits. En aucun cas les v\u00e9hicules ne seront autoris\u00e9s \u00e0 stationner dans le chemin d&#8217;acc\u00e8s au terrain qui devra toujours rester <u>libre. = acc\u00e8s secours<\/u><br \/>\nAucun v\u00e9hicule ne sera autoris\u00e9 \u00e0 stationner devant les acc\u00e8s terrain sauf autorisation sp\u00e9ciale par un des membres du bureau. Mais en aucun cas il ne devra y stationner plus que le temps n\u00e9cessaire pour d\u00e9charger son mat\u00e9riel.<\/p>\n<p>ART 4 : La piste est ouverte tous les jours de 9h \u00e0 19h, sauf raison exceptionnelle.<\/p>\n<p>ART 5\u00a0: l&#8217;entretien du terrain ainsi que des \u00e9quipements pr\u00e9sents sur le site incombe \u00e0 <strong><u>tous les <\/u><\/strong><strong><u>adh\u00e9rents<\/u><\/strong> ayant souscrit une adh\u00e9sion participative<\/p>\n<p>ART 6 : Le code du cadenas est susceptible de changer sans pr\u00e9avis. Les membres du club seront pr\u00e9venus par mail du nouveau code.<\/p>\n<p>ART 7 : La piste sera ferm\u00e9e lors des journ\u00e9es de travail, des journ\u00e9es d&#8217;organisation et lors des comp\u00e9titions (1 semaine avant).<\/p>\n<p>ART 8 : Les personnes pr\u00e9sentes sur le site devront respecter les pr\u00e9cautions d&#8217;usage en mati\u00e8re de s\u00e9curit\u00e9 afin de pr\u00e9server le site.<\/p>\n<p>ART 9: Toutes les voitures thermiques doivent avoir un pot d\u2019\u00e9chappement et un filtre \u00e0 air homologu\u00e9s sous peine d&#8217;exclusion du site.<\/p>\n<p>ART 10 : Pour des raisons \u00e9videntes de s\u00e9curit\u00e9, il est obligatoire de piloter depuis le podium.<\/p>\n<p>ART 11 : Obligation de d\u00e9marrer et d&#8217;arr\u00eater les voitures sur la rampe devant le podium.<\/p>\n<p>ART 12 : Il est interdit de rester sur la piste ou sur le bord de la piste pour y effectuer les r\u00e9glages de son v\u00e9hicule RC, ceux-ci devront \u00eatre effectu\u00e9s aux stands.<\/p>\n<p>ART 13 : Aucun v\u00e9hicule RC n&#8217;est autoris\u00e9 \u00e0 circuler dans le sens horaire de la piste, sauf raison exceptionnelle.<\/p>\n<p>ART 14 : Les v\u00e9hicules RC devront\u00a0 strictement rouler sur la piste.<\/p>\n<p>ART 15 : Dans aucun cas l&#8217;utilisation des v\u00e9hicules RC est autoris\u00e9e dans les stands; parking; et hors des pistes du RMB82.<\/p>\n<p>ART 16 : Chaque membre du club pourra inviter une personne \u00e0 \u00e9voluer sur le site si celle-ci poss\u00e8de une licence FFVRC valide, cette invitation doit \u00eatre soumise \u00e0 l\u2019un des membres du bureau. Cette invitation est valable une\u00a0fois.<\/p>\n<p>ART 17 : Une personne \u00e9trang\u00e8re au club peut \u00eatre autoris\u00e9e \u00e0 utiliser les installations apr\u00e8s demande \u00e0 un des membres du bureau directeur si celle-ci poss\u00e8de une licence FFVRC en cours de validit\u00e9. Cette invitation n&#8217;est valable qu&#8217;une seule fois.<\/p>\n<p>ART 18 : Toute personne \u00e9tant invit\u00e9e \u00e0 \u00e9voluer sur le terrain du club devra se conformer au r\u00e8glement int\u00e9rieur.<\/p>\n<p>ART 19 : Pour des raisons de s\u00e9curit\u00e9, en aucun cas le public n&#8217;est autoris\u00e9 \u00e0 entrer dans les stands, monter sur le podium et aller sur les pistes<\/p>\n<p>ART 20 : Pour des raisons de s\u00e9curit\u00e9, en aucun cas les accompagnants non licenci\u00e9s ne sont autoris\u00e9s \u00e0 aller sur les pistes (ramassage). De m\u00eame, les licenci\u00e9s de moins de 8 ans ne peuvent\u00a0 effectuer le ramassage sur le circuit 1\/8e.<\/p>\n<p>Il est rappel\u00e9 que les parents sont responsables de leurs enfants et ceci jusqu\u2019\u00e0\u00a0 leur majorit\u00e9, y compris dans l\u2019enceinte du RMB82.<\/p>\n<p>ART 20 : Les membres du club mettant en \u0153uvre un v\u00e9hicule ne leur appartenant pas \u00e0 la demande du propri\u00e9taire ne pourront \u00eatre tenus pour responsable en cas de perte ou de crash de ce v\u00e9hicule au cours de l&#8217;essai. De la m\u00eame fa\u00e7on le club ne saura en \u00eatre tenu pour responsable.<\/p>\n<p>ART 21 : Le non-respect d&#8217;un ou plusieurs articles de ce r\u00e8glement peut conduire \u00e0 une interdiction temporaire d&#8217;utilisation du site par le bureau directeur, et ce sans d\u00e9dommagements. En cas de r\u00e9cidive cette exclusion pourra \u00eatre permanente sans remboursement de sa cotisation.<\/p>\n<p>ART 22 : Dans le cas o\u00f9 une personne mettrait, par le non-respect du r\u00e8glement un ou plusieurs membres du club en danger il pourra \u00eatre d\u00e9finitivement renvoy\u00e9 du club et ne plus \u00eatre admis sur le terrain et ce sans remboursement de sa cotisation.<\/p>\n<p>ART 23 : Tous les pilotes doivent nettoyer leur emplacement et leur table avant de partir et emporter leurs d\u00e9chets (bidons carburant, chiffons, nourriture, etc..).<\/p>\n<p>ART 24 : Tous les membres du RMB82 s&#8217;engagent \u00e0 appliquer et \u00e0 faire respecter ce r\u00e8glement.<\/p>\n<p>ART 25 : Le dernier membre \u00e0 quitter le site est pri\u00e9 de v\u00e9rifier que le portail soit verrouill\u00e9.<\/p>\n<p>ART 27\u00a0: L\u2019adh\u00e9sion participative implique une participation \u00e0 4 sessions travaux \/ an et au b\u00e9n\u00e9volat lors des \u00e9v\u00e8nements organis\u00e9s par leclub, le non-respect de cet engagement b\u00e9n\u00e9vole pourra conduire, sur d\u00e9cision du bureau directeur, \u00e0 une exclusion du club pour l\u2019ann\u00e9e en cours, ainsi qu\u2019au refus d\u2019une adh\u00e9sion participative l\u2019ann\u00e9e suivante.<\/p>\n<p>ART 28\u00a0: Le tarif des adh\u00e9sions apr\u00e8s le 1<sup>er<\/sup> Juillet sera calcul\u00e9 au prorata des moins restants sur la base de l\u2019adh\u00e9sion non-participative (200\u20ac)<\/p>\n","protected":false},"excerpt":{"rendered":"<p>S\u00c9CURIT\u00c9, RESPECT, PLAISIR, BENEVOLAT ART 1 : L&#8217;acc\u00e8s au circuit est exclusivement r\u00e9serv\u00e9 aux adh\u00e9rents. ART 2\u00a0: Toute personne voulant utiliser le terrain du club RMB82 doit \u00eatre membre du-dit club et poss\u00e9der une licence FFVRC en cours de validit\u00e9. Hormis dans le cadre d&#8217;un meeting ou d&#8217;une rencontre amicale organis\u00e9e par le club o\u00f9&hellip; <br \/> <a class=\"read-more\" href=\"https:\/\/www.rmb82.club\/index.php\/reglement-interieur\/\">Read more<\/a><\/p>\n","protected":false},"author":1,"featured_media":0,"parent":0,"menu_order":0,"comment_status":"closed","ping_status":"closed","template":"page-templates\/homepage.php","meta":{"footnotes":""},"class_list":["post-66","page","type-page","status-publish","hentry"],"_links":{"self":[{"href":"https:\/\/www.rmb82.club\/index.php\/wp-json\/wp\/v2\/pages\/66","targetHints":{"allow":["GET"]}}],"collection":[{"href":"https:\/\/www.rmb82.club\/index.php\/wp-json\/wp\/v2\/pages"}],"about":[{"href":"https:\/\/www.rmb82.club\/index.php\/wp-json\/wp\/v2\/types\/page"}],"author":[{"embeddable":true,"href":"https:\/\/www.rmb82.club\/index.php\/wp-json\/wp\/v2\/users\/1"}],"replies":[{"embeddable":true,"href":"https:\/\/www.rmb82.club\/index.php\/wp-json\/wp\/v2\/comments?post=66"}],"version-history":[{"count":1,"href":"https:\/\/www.rmb82.club\/index.php\/wp-json\/wp\/v2\/pages\/66\/revisions"}],"predecessor-version":[{"id":67,"href":"https:\/\/www.rmb82.club\/index.php\/wp-json\/wp\/v2\/pages\/66\/revisions\/67"}],"wp:attachment":[{"href":"https:\/\/www.rmb82.club\/index.php\/wp-json\/wp\/v2\/media?parent=66"}],"curies":[{"name":"wp","href":"https:\/\/api.w.org\/{rel}","templated":true}]}}